{"id":7994,"date":"2022-06-28T15:23:19","date_gmt":"2022-06-28T18:23:19","guid":{"rendered":"https:\/\/nelsoneduardo.com.br\/turismo\/?page_id=7994"},"modified":"2022-07-26T10:27:42","modified_gmt":"2022-07-26T13:27:42","slug":"artigos-e-noticias","status":"publish","type":"page","link":"https:\/\/nelsoneduardo.com.br\/turismo\/artigos-e-noticias\/","title":{"rendered":"Artigos e Not\u00edcias"},"content":{"rendered":"<section class=\"l-section wpb_row height_custom\"><div class=\"l-section-h i-cf\"><div class=\"g-cols vc_row via_grid cols_1 laptops-cols_inherit tablets-cols_inherit mobiles-cols_1 valign_top type_default stacking_default\"><div class=\"wpb_column vc_column_container\"><div class=\"vc_column-inner\"><div class=\"wpb_text_column\"><div class=\"wpb_wrapper\"><p><span style=\"font-family: helvetica, arial, sans-serif; font-size: 14pt;\">Espa\u00e7o onde voc\u00ea encontrar\u00e1 artigos de minha autoria, de terceiros e not\u00edcias sobre o neg\u00f3cio coletivo do Turismo.<\/span><\/p>\n<\/div><\/div><\/div><\/div><\/div><\/div><\/section><section class=\"l-section wpb_row height_auto\"><div class=\"l-section-h i-cf\"><div class=\"g-cols vc_row via_grid cols_1 laptops-cols_inherit tablets-cols_inherit mobiles-cols_1 valign_top type_default stacking_default\"><div class=\"wpb_column vc_column_container\"><div class=\"vc_column-inner\"><div class=\"w-grid us_grid type_grid layout_blog_flat cols_3 pagination_infinite overflow_hidden preload_style_spinner with_css_animation\" id=\"us_grid_1\" style=\"--columns:3;--gap:1.5rem;\" data-filterable=\"true\"><style>@media (max-width:1024px){#us_grid_1{--columns:2!important}}@media (max-width:600px){#us_grid_1{--columns:1!important}}.layout_blog_flat .w-grid-item-h{background:var(--color-content-bg);color:var(--color-content-text);box-shadow:0 0rem 0rem rgba(0,0,0,0.1),0 0rem 0rem rgba(0,0,0,0.1);transition-duration:0.3s}.no-touch .layout_blog_flat .w-grid-item-h:hover{box-shadow:0 0.15rem 0.3rem rgba(0,0,0,0.1),0 0.5rem 1.5rem rgba(0,0,0,0.15);z-index:4}.layout_blog_flat .usg_post_image_1{margin-bottom:-1rem!important}.layout_blog_flat .usg_vwrapper_1{padding:2.5rem!important}.layout_blog_flat .usg_post_title_1{font-size:1.2rem!important;font-weight:700!important}.layout_blog_flat .usg_hwrapper_2{color:var(--color-content-faded)!important;font-size:0.9rem!important}<\/style><div class=\"w-grid-list\">\t<article class=\"w-grid-item us_animate_aft size_1x1 post-10198 post type-post status-publish format-standard has-post-thumbnail hentry category-artigos-e-noticias category-noticias tag-fnrh-digital\" data-id=\"10198\" style=\"animation-delay:0s\">\r\n\t\t<div class=\"w-grid-item-h\">\r\n\t\t\t\t\t\t<div class=\"w-post-elm post_image usg_post_image_1 stretched\"><a href=\"https:\/\/nelsoneduardo.com.br\/turismo\/mais-de-34-mil-hospedagens-ja-atuam-com-nova-ficha-digital-de-hospedes-de-acordo-com-o-ministerio-do-turismo\/\" aria-label=\"Mais de 3,4 mil hospedagens j\u00e1 atuam com nova Ficha Digital de H\u00f3spedes, de acordo com o Minist\u00e9rio do Turismo\"><img loading=\"lazy\" decoding=\"async\" width=\"768\" height=\"434\" src=\"https:\/\/nelsoneduardo.com.br\/turismo\/wp-content\/uploads\/2026\/04\/89a12e5d-b0c0-4d4f-aad2-56db5f993d40.png\" class=\"attachment-large size-large wp-post-image\" alt=\"\" srcset=\"https:\/\/nelsoneduardo.com.br\/turismo\/wp-content\/uploads\/2026\/04\/89a12e5d-b0c0-4d4f-aad2-56db5f993d40.png 768w, https:\/\/nelsoneduardo.com.br\/turismo\/wp-content\/uploads\/2026\/04\/89a12e5d-b0c0-4d4f-aad2-56db5f993d40-300x170.png 300w\" sizes=\"auto, (max-width: 768px) 100vw, 768px\" \/><\/a><\/div><div class=\"w-vwrapper usg_vwrapper_1 align_center valign_top\"><h2 class=\"w-post-elm post_title usg_post_title_1 entry-title color_link_inherit\"><a href=\"https:\/\/nelsoneduardo.com.br\/turismo\/mais-de-34-mil-hospedagens-ja-atuam-com-nova-ficha-digital-de-hospedes-de-acordo-com-o-ministerio-do-turismo\/\">Mais de 3,4 mil hospedagens j\u00e1 atuam com nova Ficha Digital de H\u00f3spedes, de acordo com o Minist\u00e9rio do Turismo<\/a><\/h2><div class=\"w-hwrapper usg_hwrapper_2 has_text_color align_center valign_top wrap\"><time class=\"w-post-elm post_date usg_post_date_1 entry-date published\" datetime=\"2026-04-18T23:58:12-03:00\" title=\"18 abril 2026 \u00e0s 23:58:12 America\/Sao_Paulo\">6 dias atr\u00e1s<\/time><\/div><div class=\"w-post-elm post_content usg_post_content_1\">Mais de 3,4 mil meios de hospedagem formais de todo o Brasil \u2013 hot\u00e9is, pousadas, hostels, entre outros \u2013 j\u00e1&hellip;<\/div><\/div>\t\t<\/div>\r\n\t\t\t<\/article>\r\n\t<article class=\"w-grid-item us_animate_aft size_1x1 post-10195 post type-post status-publish format-standard has-post-thumbnail hentry category-artigos-e-noticias category-noticias\" data-id=\"10195\" style=\"animation-delay:0.1s\">\r\n\t\t<div class=\"w-grid-item-h\">\r\n\t\t\t\t\t\t<div class=\"w-post-elm post_image usg_post_image_1 stretched\"><a href=\"https:\/\/nelsoneduardo.com.br\/turismo\/estados-vao-apresentar-destinos-e-levar-cultura-e-sabores-ao-salao-do-turismo\/\" aria-label=\"Estados v\u00e3o apresentar destinos e levar cultura e sabores ao Sal\u00e3o do Turismo\"><img loading=\"lazy\" decoding=\"async\" width=\"768\" height=\"434\" src=\"https:\/\/nelsoneduardo.com.br\/turismo\/wp-content\/uploads\/2026\/04\/3e5397e8-5f4a-4155-8b4c-7959144b2367.jpeg\" class=\"attachment-large size-large wp-post-image\" alt=\"\" srcset=\"https:\/\/nelsoneduardo.com.br\/turismo\/wp-content\/uploads\/2026\/04\/3e5397e8-5f4a-4155-8b4c-7959144b2367.jpeg 768w, https:\/\/nelsoneduardo.com.br\/turismo\/wp-content\/uploads\/2026\/04\/3e5397e8-5f4a-4155-8b4c-7959144b2367-300x170.jpeg 300w\" sizes=\"auto, (max-width: 768px) 100vw, 768px\" \/><\/a><\/div><div class=\"w-vwrapper usg_vwrapper_1 align_center valign_top\"><h2 class=\"w-post-elm post_title usg_post_title_1 entry-title color_link_inherit\"><a href=\"https:\/\/nelsoneduardo.com.br\/turismo\/estados-vao-apresentar-destinos-e-levar-cultura-e-sabores-ao-salao-do-turismo\/\">Estados v\u00e3o apresentar destinos e levar cultura e sabores ao Sal\u00e3o do Turismo<\/a><\/h2><div class=\"w-hwrapper usg_hwrapper_2 has_text_color align_center valign_top wrap\"><time class=\"w-post-elm post_date usg_post_date_1 entry-date published\" datetime=\"2026-04-13T23:48:44-03:00\" title=\"13 abril 2026 \u00e0s 23:48:44 America\/Sao_Paulo\">2 semanas atr\u00e1s<\/time><\/div><div class=\"w-post-elm post_content usg_post_content_1\">Imagine conhecer a Regi\u00e3o Sul do Brasil, logo depois caminhar at\u00e9 a Regi\u00e3o Sudeste e, com mais alguns passos, chegar&hellip;<\/div><\/div>\t\t<\/div>\r\n\t\t\t<\/article>\r\n\t<article class=\"w-grid-item us_animate_aft size_1x1 post-10192 post type-post status-publish format-standard has-post-thumbnail hentry category-artigos-e-noticias category-noticias\" data-id=\"10192\" style=\"animation-delay:0.2s\">\r\n\t\t<div class=\"w-grid-item-h\">\r\n\t\t\t\t\t\t<div class=\"w-post-elm post_image usg_post_image_1 stretched\"><a href=\"https:\/\/nelsoneduardo.com.br\/turismo\/salao-do-turismo-promove-capacitacao-inedita-para-gestores-empresarios-e-profissionais-do-setor\/\" aria-label=\"Sal\u00e3o do Turismo promove capacita\u00e7\u00e3o in\u00e9dita para gestores, empres\u00e1rios e profissionais do setor\"><img loading=\"lazy\" decoding=\"async\" width=\"768\" height=\"434\" src=\"https:\/\/nelsoneduardo.com.br\/turismo\/wp-content\/uploads\/2026\/04\/80dd14d5-e68b-49b1-ab40-9b1661deb204.jpeg\" class=\"attachment-large size-large wp-post-image\" alt=\"\" srcset=\"https:\/\/nelsoneduardo.com.br\/turismo\/wp-content\/uploads\/2026\/04\/80dd14d5-e68b-49b1-ab40-9b1661deb204.jpeg 768w, https:\/\/nelsoneduardo.com.br\/turismo\/wp-content\/uploads\/2026\/04\/80dd14d5-e68b-49b1-ab40-9b1661deb204-300x170.jpeg 300w\" sizes=\"auto, (max-width: 768px) 100vw, 768px\" \/><\/a><\/div><div class=\"w-vwrapper usg_vwrapper_1 align_center valign_top\"><h2 class=\"w-post-elm post_title usg_post_title_1 entry-title color_link_inherit\"><a href=\"https:\/\/nelsoneduardo.com.br\/turismo\/salao-do-turismo-promove-capacitacao-inedita-para-gestores-empresarios-e-profissionais-do-setor\/\">Sal\u00e3o do Turismo promove capacita\u00e7\u00e3o in\u00e9dita para gestores, empres\u00e1rios e profissionais do setor<\/a><\/h2><div class=\"w-hwrapper usg_hwrapper_2 has_text_color align_center valign_top wrap\"><time class=\"w-post-elm post_date usg_post_date_1 entry-date published\" datetime=\"2026-04-11T19:16:31-03:00\" title=\"11 abril 2026 \u00e0s 19:16:31 America\/Sao_Paulo\">2 semanas atr\u00e1s<\/time><\/div><div class=\"w-post-elm post_content usg_post_content_1\">Pela primeira vez na hist\u00f3ria, o Sal\u00e3o do Turismo vai promover uma capacita\u00e7\u00e3o estrat\u00e9gica voltada a gestores, empres\u00e1rios, representantes do&hellip;<\/div><\/div>\t\t<\/div>\r\n\t\t\t<\/article>\r\n\t<article class=\"w-grid-item us_animate_aft size_1x1 post-10189 post type-post status-publish format-standard has-post-thumbnail hentry category-artigos-e-noticias category-noticias tag-fit-pantanal-2026\" data-id=\"10189\" style=\"animation-delay:0.3s\">\r\n\t\t<div class=\"w-grid-item-h\">\r\n\t\t\t\t\t\t<div class=\"w-post-elm post_image usg_post_image_1 stretched\"><a href=\"https:\/\/nelsoneduardo.com.br\/turismo\/sorriso-aposta-no-turismo-agro-sustentavel-como-destaque-na-fit-pantanal-2026\/\" aria-label=\"Sorriso aposta no turismo agro sustent\u00e1vel como destaque na FIT Pantanal 2026\"><img loading=\"lazy\" decoding=\"async\" width=\"600\" height=\"338\" src=\"https:\/\/nelsoneduardo.com.br\/turismo\/wp-content\/uploads\/2026\/04\/thumb__600_0_0_0_auto-4.png\" class=\"attachment-large size-large wp-post-image\" alt=\"\" srcset=\"https:\/\/nelsoneduardo.com.br\/turismo\/wp-content\/uploads\/2026\/04\/thumb__600_0_0_0_auto-4.png 600w, https:\/\/nelsoneduardo.com.br\/turismo\/wp-content\/uploads\/2026\/04\/thumb__600_0_0_0_auto-4-300x169.png 300w\" sizes=\"auto, (max-width: 600px) 100vw, 600px\" \/><\/a><\/div><div class=\"w-vwrapper usg_vwrapper_1 align_center valign_top\"><h2 class=\"w-post-elm post_title usg_post_title_1 entry-title color_link_inherit\"><a href=\"https:\/\/nelsoneduardo.com.br\/turismo\/sorriso-aposta-no-turismo-agro-sustentavel-como-destaque-na-fit-pantanal-2026\/\">Sorriso aposta no turismo agro sustent\u00e1vel como destaque na FIT Pantanal 2026<\/a><\/h2><div class=\"w-hwrapper usg_hwrapper_2 has_text_color align_center valign_top wrap\"><time class=\"w-post-elm post_date usg_post_date_1 entry-date published\" datetime=\"2026-04-09T23:10:09-03:00\" title=\"9 abril 2026 \u00e0s 23:10:09 America\/Sao_Paulo\">2 semanas atr\u00e1s<\/time><\/div><div class=\"w-post-elm post_content usg_post_content_1\">Munic\u00edpio apresentar\u00e1 integra\u00e7\u00e3o entre abelhas e soja como exemplo de sustentabilidade e inova\u00e7\u00e3o tur\u00edstica Sorriso inicia contagem regressiva e intensifica&hellip;<\/div><\/div>\t\t<\/div>\r\n\t\t\t<\/article>\r\n\t<article class=\"w-grid-item us_animate_aft size_1x1 post-10185 post type-post status-publish format-standard has-post-thumbnail hentry category-artigos-e-noticias category-noticias\" data-id=\"10185\" style=\"animation-delay:0.4s\">\r\n\t\t<div class=\"w-grid-item-h\">\r\n\t\t\t\t\t\t<div class=\"w-post-elm post_image usg_post_image_1 stretched\"><a href=\"https:\/\/nelsoneduardo.com.br\/turismo\/celebracoes-de-pascoa-festas-e-grandes-feiras-marcam-o-calendario-turistico-do-brasil\/\" aria-label=\"Celebra\u00e7\u00f5es de P\u00e1scoa, festas e grandes feiras marcam o calend\u00e1rio tur\u00edstico do Brasil\"><img loading=\"lazy\" decoding=\"async\" width=\"768\" height=\"434\" src=\"https:\/\/nelsoneduardo.com.br\/turismo\/wp-content\/uploads\/2026\/04\/7bfd4d70-ed11-424b-9208-f23b956a3e52.png\" class=\"attachment-large size-large wp-post-image\" alt=\"\" srcset=\"https:\/\/nelsoneduardo.com.br\/turismo\/wp-content\/uploads\/2026\/04\/7bfd4d70-ed11-424b-9208-f23b956a3e52.png 768w, https:\/\/nelsoneduardo.com.br\/turismo\/wp-content\/uploads\/2026\/04\/7bfd4d70-ed11-424b-9208-f23b956a3e52-300x170.png 300w\" sizes=\"auto, (max-width: 768px) 100vw, 768px\" \/><\/a><\/div><div class=\"w-vwrapper usg_vwrapper_1 align_center valign_top\"><h2 class=\"w-post-elm post_title usg_post_title_1 entry-title color_link_inherit\"><a href=\"https:\/\/nelsoneduardo.com.br\/turismo\/celebracoes-de-pascoa-festas-e-grandes-feiras-marcam-o-calendario-turistico-do-brasil\/\">Celebra\u00e7\u00f5es de P\u00e1scoa, festas e grandes feiras marcam o calend\u00e1rio tur\u00edstico do Brasil<\/a><\/h2><div class=\"w-hwrapper usg_hwrapper_2 has_text_color align_center valign_top wrap\"><time class=\"w-post-elm post_date usg_post_date_1 entry-date published\" datetime=\"2026-04-04T00:17:25-03:00\" title=\"4 abril 2026 \u00e0s 00:17:25 America\/Sao_Paulo\">3 semanas atr\u00e1s<\/time><\/div><div class=\"w-post-elm post_content usg_post_content_1\">Com a chegada da Semana Santa e do feriado de P\u00e1scoa, o pa\u00eds se transforma em um palco de manifesta\u00e7\u00f5es&hellip;<\/div><\/div>\t\t<\/div>\r\n\t\t\t<\/article>\r\n\t<article class=\"w-grid-item us_animate_aft size_1x1 post-10181 post type-post status-publish format-standard has-post-thumbnail hentry category-artigos-e-noticias category-noticias\" data-id=\"10181\" style=\"animation-delay:0.5s\">\r\n\t\t<div class=\"w-grid-item-h\">\r\n\t\t\t\t\t\t<div class=\"w-post-elm post_image usg_post_image_1 stretched\"><a href=\"https:\/\/nelsoneduardo.com.br\/turismo\/ministerio-do-turismo-abre-inscricoes-para-agricultores-familiares-participarem-do-10o-salao-do-turismo-em-fortaleza-ce\/\" aria-label=\"Minist\u00e9rio do Turismo abre inscri\u00e7\u00f5es para agricultores familiares participarem do 10\u00ba Sal\u00e3o do Turismo, em Fortaleza (CE)\"><img loading=\"lazy\" decoding=\"async\" width=\"768\" height=\"434\" src=\"https:\/\/nelsoneduardo.com.br\/turismo\/wp-content\/uploads\/2026\/04\/b6f50b87-2e0d-4c86-9612-4b00ba41dcd6.png\" class=\"attachment-large size-large wp-post-image\" alt=\"\" srcset=\"https:\/\/nelsoneduardo.com.br\/turismo\/wp-content\/uploads\/2026\/04\/b6f50b87-2e0d-4c86-9612-4b00ba41dcd6.png 768w, https:\/\/nelsoneduardo.com.br\/turismo\/wp-content\/uploads\/2026\/04\/b6f50b87-2e0d-4c86-9612-4b00ba41dcd6-300x170.png 300w\" sizes=\"auto, (max-width: 768px) 100vw, 768px\" \/><\/a><\/div><div class=\"w-vwrapper usg_vwrapper_1 align_center valign_top\"><h2 class=\"w-post-elm post_title usg_post_title_1 entry-title color_link_inherit\"><a href=\"https:\/\/nelsoneduardo.com.br\/turismo\/ministerio-do-turismo-abre-inscricoes-para-agricultores-familiares-participarem-do-10o-salao-do-turismo-em-fortaleza-ce\/\">Minist\u00e9rio do Turismo abre inscri\u00e7\u00f5es para agricultores familiares participarem do 10\u00ba Sal\u00e3o do Turismo, em Fortaleza (CE)<\/a><\/h2><div class=\"w-hwrapper usg_hwrapper_2 has_text_color align_center valign_top wrap\"><time class=\"w-post-elm post_date usg_post_date_1 entry-date published\" datetime=\"2026-04-01T23:46:04-03:00\" title=\"1 abril 2026 \u00e0s 23:46:04 America\/Sao_Paulo\">3 semanas atr\u00e1s<\/time><\/div><div class=\"w-post-elm post_content usg_post_content_1\">O Minist\u00e9rio do Turismo abriu inscri\u00e7\u00f5es para que agricultores familiares de todo o pa\u00eds participem do Armaz\u00e9m da Agricultura Familiar&hellip;<\/div><\/div>\t\t<\/div>\r\n\t\t\t<\/article>\r\n\t<article class=\"w-grid-item us_animate_aft size_1x1 post-10178 post type-post status-publish format-standard has-post-thumbnail hentry category-artigos-e-noticias category-noticias\" data-id=\"10178\" style=\"animation-delay:0s\">\r\n\t\t<div class=\"w-grid-item-h\">\r\n\t\t\t\t\t\t<div class=\"w-post-elm post_image usg_post_image_1 stretched\"><a href=\"https:\/\/nelsoneduardo.com.br\/turismo\/turismo-de-negocios-volta-a-atingir-a-marca-de-r-1-bilhao-de-faturamento\/\" aria-label=\"Turismo de neg\u00f3cios volta a atingir a marca de R$ 1 bilh\u00e3o de faturamento\"><img loading=\"lazy\" decoding=\"async\" width=\"768\" height=\"434\" src=\"https:\/\/nelsoneduardo.com.br\/turismo\/wp-content\/uploads\/2026\/04\/17b7eb02-3557-493c-9260-fbdf8c7ed9aa.jpeg\" class=\"attachment-large size-large wp-post-image\" alt=\"\" srcset=\"https:\/\/nelsoneduardo.com.br\/turismo\/wp-content\/uploads\/2026\/04\/17b7eb02-3557-493c-9260-fbdf8c7ed9aa.jpeg 768w, https:\/\/nelsoneduardo.com.br\/turismo\/wp-content\/uploads\/2026\/04\/17b7eb02-3557-493c-9260-fbdf8c7ed9aa-300x170.jpeg 300w\" sizes=\"auto, (max-width: 768px) 100vw, 768px\" \/><\/a><\/div><div class=\"w-vwrapper usg_vwrapper_1 align_center valign_top\"><h2 class=\"w-post-elm post_title usg_post_title_1 entry-title color_link_inherit\"><a href=\"https:\/\/nelsoneduardo.com.br\/turismo\/turismo-de-negocios-volta-a-atingir-a-marca-de-r-1-bilhao-de-faturamento\/\">Turismo de neg\u00f3cios volta a atingir a marca de R$ 1 bilh\u00e3o de faturamento<\/a><\/h2><div class=\"w-hwrapper usg_hwrapper_2 has_text_color align_center valign_top wrap\"><time class=\"w-post-elm post_date usg_post_date_1 entry-date published\" datetime=\"2026-04-01T23:45:03-03:00\" title=\"1 abril 2026 \u00e0s 23:45:03 America\/Sao_Paulo\">3 semanas atr\u00e1s<\/time><\/div><div class=\"w-post-elm post_content usg_post_content_1\">O turismo corporativo no Brasil segue em alta. Em fevereiro, o faturamento do setor foi de R$ 1,05 bilh\u00e3o &#8212;&hellip;<\/div><\/div>\t\t<\/div>\r\n\t\t\t<\/article>\r\n\t<article class=\"w-grid-item us_animate_aft size_1x1 post-10175 post type-post status-publish format-standard has-post-thumbnail hentry category-artigos-e-noticias category-noticias\" data-id=\"10175\" style=\"animation-delay:0.1s\">\r\n\t\t<div class=\"w-grid-item-h\">\r\n\t\t\t\t\t\t<div class=\"w-post-elm post_image usg_post_image_1 stretched\"><a href=\"https:\/\/nelsoneduardo.com.br\/turismo\/ministerio-do-turismo-vai-ampliar-mapeamento-de-investimentos-turisticos-e-atrair-novos-negocios-para-o-brasil\/\" aria-label=\"Minist\u00e9rio do Turismo vai ampliar mapeamento de investimentos tur\u00edsticos e atrair novos neg\u00f3cios para o Brasil\"><img loading=\"lazy\" decoding=\"async\" width=\"768\" height=\"430\" src=\"https:\/\/nelsoneduardo.com.br\/turismo\/wp-content\/uploads\/2026\/04\/4ba27a89-91e2-416d-9d0d-61ba7d68cc53.jpeg\" class=\"attachment-large size-large wp-post-image\" alt=\"\" srcset=\"https:\/\/nelsoneduardo.com.br\/turismo\/wp-content\/uploads\/2026\/04\/4ba27a89-91e2-416d-9d0d-61ba7d68cc53.jpeg 768w, https:\/\/nelsoneduardo.com.br\/turismo\/wp-content\/uploads\/2026\/04\/4ba27a89-91e2-416d-9d0d-61ba7d68cc53-300x168.jpeg 300w\" sizes=\"auto, (max-width: 768px) 100vw, 768px\" \/><\/a><\/div><div class=\"w-vwrapper usg_vwrapper_1 align_center valign_top\"><h2 class=\"w-post-elm post_title usg_post_title_1 entry-title color_link_inherit\"><a href=\"https:\/\/nelsoneduardo.com.br\/turismo\/ministerio-do-turismo-vai-ampliar-mapeamento-de-investimentos-turisticos-e-atrair-novos-negocios-para-o-brasil\/\">Minist\u00e9rio do Turismo vai ampliar mapeamento de investimentos tur\u00edsticos e atrair novos neg\u00f3cios para o Brasil<\/a><\/h2><div class=\"w-hwrapper usg_hwrapper_2 has_text_color align_center valign_top wrap\"><time class=\"w-post-elm post_date usg_post_date_1 entry-date published\" datetime=\"2026-04-01T23:42:06-03:00\" title=\"1 abril 2026 \u00e0s 23:42:06 America\/Sao_Paulo\">3 semanas atr\u00e1s<\/time><\/div><div class=\"w-post-elm post_content usg_post_content_1\">OMinist\u00e9rio do Turismo est\u00e1 ampliando um importante mecanismo para atrair mais investimentos privados para o setor. Por meio de um&hellip;<\/div><\/div>\t\t<\/div>\r\n\t\t\t<\/article>\r\n<\/div>\t<div class=\"w-grid-preloader\">\r\n\t\t<div class=\"g-preloader type_1\">\r\n\t\t\t<div><\/div>\r\n\t\t<\/div>\r\n\t<\/div>\r\n\t\t\t\t<div class=\"g-loadmore \">\r\n\t\t\t\t<div class=\"g-preloader type_1\">\r\n\t\t\t\t\t<div><\/div>\r\n\t\t\t\t<\/div>\r\n\t\t\t\t<button class=\"w-btn us-btn-style_1\">\r\n\t\t\t\t\t<span class=\"w-btn-label\">Carregar mais<\/span>\r\n\t\t\t\t<\/button>\r\n\t\t\t<\/div>\r\n\t\t\t\t<div class=\"w-grid-json hidden\" onclick='return {&quot;action&quot;:&quot;us_ajax_grid&quot;,&quot;infinite_scroll&quot;:true,&quot;max_num_pages&quot;:54,&quot;pagination&quot;:&quot;ajax&quot;,&quot;template_vars&quot;:{&quot;columns&quot;:&quot;3&quot;,&quot;exclude_items&quot;:&quot;none&quot;,&quot;img_size&quot;:&quot;default&quot;,&quot;ignore_items_size&quot;:0,&quot;items_layout&quot;:&quot;blog_flat&quot;,&quot;items_offset&quot;:&quot;1&quot;,&quot;load_animation&quot;:&quot;aft&quot;,&quot;overriding_link&quot;:&quot;{\\&quot;url\\&quot;:\\&quot;\\&quot;}&quot;,&quot;post_id&quot;:0,&quot;query_args&quot;:{&quot;post_type&quot;:[&quot;post&quot;],&quot;tax_query&quot;:[{&quot;taxonomy&quot;:&quot;category&quot;,&quot;field&quot;:&quot;slug&quot;,&quot;terms&quot;:[&quot;artigos-e-noticias&quot;]}],&quot;post_status&quot;:[&quot;publish&quot;,&quot;acf-disabled&quot;],&quot;posts_per_page&quot;:&quot;8&quot;},&quot;orderby_query_args&quot;:{&quot;orderby&quot;:{&quot;date&quot;:&quot;DESC&quot;}},&quot;type&quot;:&quot;grid&quot;,&quot;us_grid_post_type&quot;:&quot;post&quot;,&quot;us_grid_ajax_index&quot;:1,&quot;us_grid_filter_query_string&quot;:null,&quot;us_grid_index&quot;:1,&quot;page_args&quot;:[]}}'><\/div>\r\n\t<\/div><\/div><\/div><\/div><\/div><\/section>\n","protected":false},"excerpt":{"rendered":"OMinist\u00e9rio do Turismo est\u00e1 ampliando um importante mecanismo para atrair mais investimentos privados para o setor. Por meio de um mapeamento, o objetivo \u00e9 identificar ao menos 30 novos projetos at\u00e9 o ano que vem e public\u00e1-los no\u00a0Portal de Investimentos. Com isso, investidores e grupos empresariais poder\u00e3o identificar oportunidades e acelerar investimentos no turismo brasileiro...","protected":false},"author":1,"featured_media":0,"parent":0,"menu_order":0,"comment_status":"closed","ping_status":"closed","template":"","meta":{"_acf_changed":false,"footnotes":""},"class_list":["post-7994","page","type-page","status-publish","hentry"],"acf":[],"_links":{"self":[{"href":"https:\/\/nelsoneduardo.com.br\/turismo\/wp-json\/wp\/v2\/pages\/7994","targetHints":{"allow":["GET"]}}],"collection":[{"href":"https:\/\/nelsoneduardo.com.br\/turismo\/wp-json\/wp\/v2\/pages"}],"about":[{"href":"https:\/\/nelsoneduardo.com.br\/turismo\/wp-json\/wp\/v2\/types\/page"}],"author":[{"embeddable":true,"href":"https:\/\/nelsoneduardo.com.br\/turismo\/wp-json\/wp\/v2\/users\/1"}],"replies":[{"embeddable":true,"href":"https:\/\/nelsoneduardo.com.br\/turismo\/wp-json\/wp\/v2\/comments?post=7994"}],"version-history":[{"count":5,"href":"https:\/\/nelsoneduardo.com.br\/turismo\/wp-json\/wp\/v2\/pages\/7994\/revisions"}],"predecessor-version":[{"id":8193,"href":"https:\/\/nelsoneduardo.com.br\/turismo\/wp-json\/wp\/v2\/pages\/7994\/revisions\/8193"}],"wp:attachment":[{"href":"https:\/\/nelsoneduardo.com.br\/turismo\/wp-json\/wp\/v2\/media?parent=7994"}],"curies":[{"name":"wp","href":"https:\/\/api.w.org\/{rel}","templated":true}]}}