{"id":7983,"date":"2022-06-28T14:54:39","date_gmt":"2022-06-28T17:54:39","guid":{"rendered":"https:\/\/nelsoneduardo.com.br\/turismo\/?page_id=7983"},"modified":"2025-04-09T15:36:39","modified_gmt":"2025-04-09T18:36:39","slug":"entrevistas","status":"publish","type":"page","link":"https:\/\/nelsoneduardo.com.br\/turismo\/entrevistas\/","title":{"rendered":"Entrevistas"},"content":{"rendered":"<section class=\"l-section wpb_row height_small\"><div class=\"l-section-h i-cf\"><div class=\"g-cols vc_row via_grid cols_1 laptops-cols_inherit tablets-cols_inherit mobiles-cols_1 valign_top type_default stacking_default\"><div class=\"wpb_column vc_column_container\"><div class=\"vc_column-inner\"><div class=\"wpb_text_column\"><div class=\"wpb_wrapper\"><p>Esta p\u00e1gina traz entrevistas a respeito do munic\u00edpio de Ara\u00e7atuba, da regi\u00e3o turistica Tiet\u00ea Vivo, governada pela IRG Ag\u00eancia Tiet\u00ea Vivo de Desenvolvimento do Turismo Regional, ambas de S\u00e3o Paulo e a partir de janeiro de 2025 tamb\u00e9m do munic\u00edpio de Sorriso, e da regi\u00e3o tur\u00edstica Portal do Agroneg\u00f3cio, ambos do estado de Mato Grosso.<\/p>\n<\/div><\/div><\/div><\/div><\/div><\/div><\/section><section class=\"l-section wpb_row height_small\"><div class=\"l-section-h i-cf\"><div class=\"g-cols vc_row via_grid cols_3 laptops-cols_inherit tablets-cols_inherit mobiles-cols_1 valign_top type_default stacking_default\"><div class=\"wpb_column vc_column_container\"><div class=\"vc_column-inner\"><div class=\"w-video align_none ratio_16x9 has_iframe\"><div class=\"w-video-h\"><iframe title=\"Youtube video player\" src=\"\/\/www.youtube.com\/embed\/CPldUqatzbo?autoplay=0&controls=1&origin=https:\/\/nelsoneduardo.com.br\/turismo&loop=0&mute=0\" allowfullscreen=\"1\" loading=\"lazy\"><\/iframe><\/div><\/div><\/div><\/div><div class=\"wpb_column vc_column_container\"><div class=\"vc_column-inner\"><div class=\"w-video align_none ratio_16x9 has_iframe\"><div class=\"w-video-h\"><iframe title=\"Youtube video player\" src=\"\/\/www.youtube.com\/embed\/x9g-lB2Apo0?autoplay=0&controls=1&origin=https:\/\/nelsoneduardo.com.br\/turismo&loop=0&mute=0\" allowfullscreen=\"1\" loading=\"lazy\"><\/iframe><\/div><\/div><\/div><\/div><div class=\"wpb_column vc_column_container\"><div class=\"vc_column-inner\"><div class=\"w-video align_none ratio_16x9 has_iframe\"><div class=\"w-video-h\"><iframe title=\"Youtube video player\" src=\"\/\/www.youtube.com\/embed\/EoDOeDPqct8?autoplay=0&controls=1&origin=https:\/\/nelsoneduardo.com.br\/turismo&loop=0&mute=0\" allowfullscreen=\"1\" loading=\"lazy\"><\/iframe><\/div><\/div><\/div><\/div><\/div><\/div><\/section><section class=\"l-section wpb_row height_medium\"><div class=\"l-section-h i-cf\"><div class=\"g-cols vc_row via_grid cols_3 laptops-cols_inherit tablets-cols_inherit mobiles-cols_1 valign_top type_default stacking_default\"><div class=\"wpb_column vc_column_container\"><div class=\"vc_column-inner\"><div class=\"w-video align_none ratio_16x9 has_iframe\"><div class=\"w-video-h\"><iframe title=\"Youtube video player\" src=\"\/\/www.youtube.com\/embed\/p2UidRrJ9zA?autoplay=0&controls=1&origin=https:\/\/nelsoneduardo.com.br\/turismo&loop=0&mute=0\" allowfullscreen=\"1\" loading=\"lazy\"><\/iframe><\/div><\/div><\/div><\/div><div class=\"wpb_column vc_column_container\"><div class=\"vc_column-inner\"><div class=\"w-video align_none ratio_16x9 has_iframe\"><div class=\"w-video-h\"><iframe title=\"Youtube video player\" src=\"\/\/www.youtube.com\/embed\/_-EhcDpX-z4?autoplay=0&controls=1&origin=https:\/\/nelsoneduardo.com.br\/turismo&loop=0&mute=0\" allowfullscreen=\"1\" loading=\"lazy\"><\/iframe><\/div><\/div><\/div><\/div><div class=\"wpb_column vc_column_container\"><div class=\"vc_column-inner\"><div class=\"w-video align_none ratio_16x9 has_iframe\"><div class=\"w-video-h\"><iframe title=\"Youtube video player\" src=\"\/\/www.youtube.com\/embed\/0UfGsDjR5Ks?autoplay=0&controls=1&origin=https:\/\/nelsoneduardo.com.br\/turismo&loop=0&mute=0\" allowfullscreen=\"1\" loading=\"lazy\"><\/iframe><\/div><\/div><\/div><\/div><\/div><\/div><\/section>\n","protected":false},"excerpt":{"rendered":"Esta p\u00e1gina traz entrevistas a respeito do munic\u00edpio de Ara\u00e7atuba, da regi\u00e3o turistica Tiet\u00ea Vivo, governada pela IRG Ag\u00eancia Tiet\u00ea Vivo de Desenvolvimento do Turismo Regional, ambas de S\u00e3o Paulo e a partir de janeiro de 2025 tamb\u00e9m do munic\u00edpio de Sorriso, e da regi\u00e3o tur\u00edstica Portal do Agroneg\u00f3cio, ambos do estado de Mato Grosso.","protected":false},"author":1,"featured_media":0,"parent":0,"menu_order":0,"comment_status":"closed","ping_status":"closed","template":"","meta":{"_acf_changed":false,"footnotes":""},"class_list":["post-7983","page","type-page","status-publish","hentry"],"acf":[],"_links":{"self":[{"href":"https:\/\/nelsoneduardo.com.br\/turismo\/wp-json\/wp\/v2\/pages\/7983","targetHints":{"allow":["GET"]}}],"collection":[{"href":"https:\/\/nelsoneduardo.com.br\/turismo\/wp-json\/wp\/v2\/pages"}],"about":[{"href":"https:\/\/nelsoneduardo.com.br\/turismo\/wp-json\/wp\/v2\/types\/page"}],"author":[{"embeddable":true,"href":"https:\/\/nelsoneduardo.com.br\/turismo\/wp-json\/wp\/v2\/users\/1"}],"replies":[{"embeddable":true,"href":"https:\/\/nelsoneduardo.com.br\/turismo\/wp-json\/wp\/v2\/comments?post=7983"}],"version-history":[{"count":5,"href":"https:\/\/nelsoneduardo.com.br\/turismo\/wp-json\/wp\/v2\/pages\/7983\/revisions"}],"predecessor-version":[{"id":9451,"href":"https:\/\/nelsoneduardo.com.br\/turismo\/wp-json\/wp\/v2\/pages\/7983\/revisions\/9451"}],"wp:attachment":[{"href":"https:\/\/nelsoneduardo.com.br\/turismo\/wp-json\/wp\/v2\/media?parent=7983"}],"curies":[{"name":"wp","href":"https:\/\/api.w.org\/{rel}","templated":true}]}}